{"id":9524,"date":"2024-11-29T09:27:12","date_gmt":"2024-11-29T09:27:12","guid":{"rendered":"https:\/\/petardoscm.gmedia.ovh\/index.php\/producto\/pack-ahorro-happy-variete-fuentes\/"},"modified":"2024-11-29T09:27:38","modified_gmt":"2024-11-29T09:27:38","slug":"pack-ahorro-happy-variete-fuentes","status":"publish","type":"product","link":"https:\/\/petardoscm.gmedia.ovh\/index.php\/producto\/pack-ahorro-happy-variete-fuentes\/","title":{"rendered":"PACK AHORRO HAPPY + VARIETE + FUENTES"},"content":{"rendered":"","protected":false},"excerpt":{"rendered":"<p>Pack ahorro que incluye tres lotes de petardos para los m\u00e1s peque\u00f1os. Diversi\u00f3n garantizada. VARIOS CONTENIDOS.<\/p>\n","protected":false},"featured_media":9525,"comment_status":"closed","ping_status":"open","template":"","meta":{"_acf_changed":false},"product_brand":[],"product_cat":[],"product_tag":[],"class_list":{"0":"post-9524","1":"product","2":"type-product","3":"status-publish","4":"has-post-thumbnail","6":"pa_categoria-categoria-f2-16-anos","7":"pa_edad-77","9":"first","10":"outofstock","11":"sale","12":"purchasable","13":"product-type-simple"},"acf":[],"yoast_head":"<!-- This site is optimized with the Yoast SEO plugin v24.4 - https:\/\/yoast.com\/wordpress\/plugins\/seo\/ -->\n<title>PACK AHORRO HAPPY + VARIETE + FUENTES - Petardos cm<\/title>\n<meta name=\"robots\" content=\"index, follow, max-snippet:-1, max-image-preview:large, max-video-preview:-1\" \/>\n<link rel=\"canonical\" href=\"https:\/\/petardoscm.gmedia.ovh\/index.php\/producto\/pack-ahorro-happy-variete-fuentes\/\" \/>\n<meta property=\"og:locale\" content=\"es_ES\" \/>\n<meta property=\"og:type\" content=\"article\" \/>\n<meta property=\"og:title\" content=\"PACK AHORRO HAPPY + VARIETE + FUENTES - Petardos cm\" \/>\n<meta property=\"og:description\" content=\"Pack ahorro que incluye tres lotes de petardos para los m\u00e1s peque\u00f1os. Diversi\u00f3n garantizada. VARIOS CONTENIDOS.\" \/>\n<meta property=\"og:url\" content=\"https:\/\/petardoscm.gmedia.ovh\/index.php\/producto\/pack-ahorro-happy-variete-fuentes\/\" \/>\n<meta property=\"og:site_name\" content=\"Petardos cm\" \/>\n<meta property=\"article:modified_time\" content=\"2024-11-29T09:27:38+00:00\" \/>\n<meta name=\"twitter:card\" content=\"summary_large_image\" \/>\n<script type=\"application\/ld+json\" class=\"yoast-schema-graph\">{\"@context\":\"https:\/\/schema.org\",\"@graph\":[{\"@type\":\"WebPage\",\"@id\":\"https:\/\/petardoscm.gmedia.ovh\/index.php\/producto\/pack-ahorro-happy-variete-fuentes\/\",\"url\":\"https:\/\/petardoscm.gmedia.ovh\/index.php\/producto\/pack-ahorro-happy-variete-fuentes\/\",\"name\":\"PACK AHORRO HAPPY + VARIETE + FUENTES - Petardos cm\",\"isPartOf\":{\"@id\":\"https:\/\/petardoscm.gmedia.ovh\/#website\"},\"primaryImageOfPage\":{\"@id\":\"https:\/\/petardoscm.gmedia.ovh\/index.php\/producto\/pack-ahorro-happy-variete-fuentes\/#primaryimage\"},\"image\":{\"@id\":\"https:\/\/petardoscm.gmedia.ovh\/index.php\/producto\/pack-ahorro-happy-variete-fuentes\/#primaryimage\"},\"thumbnailUrl\":\"https:\/\/petardoscm.gmedia.ovh\/wp-content\/uploads\/2024\/11\/912-pack-ofertas-2024.jpg\",\"datePublished\":\"2024-11-29T09:27:12+00:00\",\"dateModified\":\"2024-11-29T09:27:38+00:00\",\"breadcrumb\":{\"@id\":\"https:\/\/petardoscm.gmedia.ovh\/index.php\/producto\/pack-ahorro-happy-variete-fuentes\/#breadcrumb\"},\"inLanguage\":\"es\",\"potentialAction\":[{\"@type\":\"ReadAction\",\"target\":[\"https:\/\/petardoscm.gmedia.ovh\/index.php\/producto\/pack-ahorro-happy-variete-fuentes\/\"]}]},{\"@type\":\"ImageObject\",\"inLanguage\":\"es\",\"@id\":\"https:\/\/petardoscm.gmedia.ovh\/index.php\/producto\/pack-ahorro-happy-variete-fuentes\/#primaryimage\",\"url\":\"https:\/\/petardoscm.gmedia.ovh\/wp-content\/uploads\/2024\/11\/912-pack-ofertas-2024.jpg\",\"contentUrl\":\"https:\/\/petardoscm.gmedia.ovh\/wp-content\/uploads\/2024\/11\/912-pack-ofertas-2024.jpg\",\"width\":1200,\"height\":1200},{\"@type\":\"BreadcrumbList\",\"@id\":\"https:\/\/petardoscm.gmedia.ovh\/index.php\/producto\/pack-ahorro-happy-variete-fuentes\/#breadcrumb\",\"itemListElement\":[{\"@type\":\"ListItem\",\"position\":1,\"name\":\"Portada\",\"item\":\"https:\/\/petardoscm.gmedia.ovh\/\"},{\"@type\":\"ListItem\",\"position\":2,\"name\":\"Shop\",\"item\":\"https:\/\/petardoscm.gmedia.ovh\/index.php\/shop\/\"},{\"@type\":\"ListItem\",\"position\":3,\"name\":\"PACK AHORRO HAPPY + VARIETE + FUENTES\"}]},{\"@type\":\"WebSite\",\"@id\":\"https:\/\/petardoscm.gmedia.ovh\/#website\",\"url\":\"https:\/\/petardoscm.gmedia.ovh\/\",\"name\":\"Petardos cm\",\"description\":\"\",\"potentialAction\":[{\"@type\":\"SearchAction\",\"target\":{\"@type\":\"EntryPoint\",\"urlTemplate\":\"https:\/\/petardoscm.gmedia.ovh\/?s={search_term_string}\"},\"query-input\":{\"@type\":\"PropertyValueSpecification\",\"valueRequired\":true,\"valueName\":\"search_term_string\"}}],\"inLanguage\":\"es\"}]}<\/script>\n<!-- \/ Yoast SEO plugin. -->","yoast_head_json":{"title":"PACK AHORRO HAPPY + VARIETE + FUENTES - Petardos cm","robots":{"index":"index","follow":"follow","max-snippet":"max-snippet:-1","max-image-preview":"max-image-preview:large","max-video-preview":"max-video-preview:-1"},"canonical":"https:\/\/petardoscm.gmedia.ovh\/index.php\/producto\/pack-ahorro-happy-variete-fuentes\/","og_locale":"es_ES","og_type":"article","og_title":"PACK AHORRO HAPPY + VARIETE + FUENTES - Petardos cm","og_description":"Pack ahorro que incluye tres lotes de petardos para los m\u00e1s peque\u00f1os. Diversi\u00f3n garantizada. VARIOS CONTENIDOS.","og_url":"https:\/\/petardoscm.gmedia.ovh\/index.php\/producto\/pack-ahorro-happy-variete-fuentes\/","og_site_name":"Petardos cm","article_modified_time":"2024-11-29T09:27:38+00:00","twitter_card":"summary_large_image","schema":{"@context":"https:\/\/schema.org","@graph":[{"@type":"WebPage","@id":"https:\/\/petardoscm.gmedia.ovh\/index.php\/producto\/pack-ahorro-happy-variete-fuentes\/","url":"https:\/\/petardoscm.gmedia.ovh\/index.php\/producto\/pack-ahorro-happy-variete-fuentes\/","name":"PACK AHORRO HAPPY + VARIETE + FUENTES - Petardos cm","isPartOf":{"@id":"https:\/\/petardoscm.gmedia.ovh\/#website"},"primaryImageOfPage":{"@id":"https:\/\/petardoscm.gmedia.ovh\/index.php\/producto\/pack-ahorro-happy-variete-fuentes\/#primaryimage"},"image":{"@id":"https:\/\/petardoscm.gmedia.ovh\/index.php\/producto\/pack-ahorro-happy-variete-fuentes\/#primaryimage"},"thumbnailUrl":"https:\/\/petardoscm.gmedia.ovh\/wp-content\/uploads\/2024\/11\/912-pack-ofertas-2024.jpg","datePublished":"2024-11-29T09:27:12+00:00","dateModified":"2024-11-29T09:27:38+00:00","breadcrumb":{"@id":"https:\/\/petardoscm.gmedia.ovh\/index.php\/producto\/pack-ahorro-happy-variete-fuentes\/#breadcrumb"},"inLanguage":"es","potentialAction":[{"@type":"ReadAction","target":["https:\/\/petardoscm.gmedia.ovh\/index.php\/producto\/pack-ahorro-happy-variete-fuentes\/"]}]},{"@type":"ImageObject","inLanguage":"es","@id":"https:\/\/petardoscm.gmedia.ovh\/index.php\/producto\/pack-ahorro-happy-variete-fuentes\/#primaryimage","url":"https:\/\/petardoscm.gmedia.ovh\/wp-content\/uploads\/2024\/11\/912-pack-ofertas-2024.jpg","contentUrl":"https:\/\/petardoscm.gmedia.ovh\/wp-content\/uploads\/2024\/11\/912-pack-ofertas-2024.jpg","width":1200,"height":1200},{"@type":"BreadcrumbList","@id":"https:\/\/petardoscm.gmedia.ovh\/index.php\/producto\/pack-ahorro-happy-variete-fuentes\/#breadcrumb","itemListElement":[{"@type":"ListItem","position":1,"name":"Portada","item":"https:\/\/petardoscm.gmedia.ovh\/"},{"@type":"ListItem","position":2,"name":"Shop","item":"https:\/\/petardoscm.gmedia.ovh\/index.php\/shop\/"},{"@type":"ListItem","position":3,"name":"PACK AHORRO HAPPY + VARIETE + FUENTES"}]},{"@type":"WebSite","@id":"https:\/\/petardoscm.gmedia.ovh\/#website","url":"https:\/\/petardoscm.gmedia.ovh\/","name":"Petardos cm","description":"","potentialAction":[{"@type":"SearchAction","target":{"@type":"EntryPoint","urlTemplate":"https:\/\/petardoscm.gmedia.ovh\/?s={search_term_string}"},"query-input":{"@type":"PropertyValueSpecification","valueRequired":true,"valueName":"search_term_string"}}],"inLanguage":"es"}]}},"_links":{"self":[{"href":"https:\/\/petardoscm.gmedia.ovh\/index.php\/wp-json\/wp\/v2\/product\/9524","targetHints":{"allow":["GET"]}}],"collection":[{"href":"https:\/\/petardoscm.gmedia.ovh\/index.php\/wp-json\/wp\/v2\/product"}],"about":[{"href":"https:\/\/petardoscm.gmedia.ovh\/index.php\/wp-json\/wp\/v2\/types\/product"}],"replies":[{"embeddable":true,"href":"https:\/\/petardoscm.gmedia.ovh\/index.php\/wp-json\/wp\/v2\/comments?post=9524"}],"wp:featuredmedia":[{"embeddable":true,"href":"https:\/\/petardoscm.gmedia.ovh\/index.php\/wp-json\/wp\/v2\/media\/9525"}],"wp:attachment":[{"href":"https:\/\/petardoscm.gmedia.ovh\/index.php\/wp-json\/wp\/v2\/media?parent=9524"}],"wp:term":[{"taxonomy":"product_brand","embeddable":true,"href":"https:\/\/petardoscm.gmedia.ovh\/index.php\/wp-json\/wp\/v2\/product_brand?post=9524"},{"taxonomy":"product_cat","embeddable":true,"href":"https:\/\/petardoscm.gmedia.ovh\/index.php\/wp-json\/wp\/v2\/product_cat?post=9524"},{"taxonomy":"product_tag","embeddable":true,"href":"https:\/\/petardoscm.gmedia.ovh\/index.php\/wp-json\/wp\/v2\/product_tag?post=9524"}],"curies":[{"name":"wp","href":"https:\/\/api.w.org\/{rel}","templated":true}]}}