{"id":9518,"date":"2024-11-29T09:27:12","date_gmt":"2024-11-29T09:27:12","guid":{"rendered":"https:\/\/petardoscm.gmedia.ovh\/index.php\/producto\/box-variete\/"},"modified":"2024-11-29T09:27:25","modified_gmt":"2024-11-29T09:27:25","slug":"box-variete","status":"publish","type":"product","link":"https:\/\/petardoscm.gmedia.ovh\/index.php\/producto\/box-variete\/","title":{"rendered":"BOX VARI\u00c8T\u00c8"},"content":{"rendered":"","protected":false},"excerpt":{"rendered":"<p>Lote variado de bombetas petardos, tracas, fuentes, cohetes y voladores de peque\u00f1o formato, y\u00a0art\u00edculos de tierra<\/p>\n<p>VARIOS CONTENIDOS.<\/p>\n<p><strong>SONORIDAD MEDIA<\/strong> <img loading=\"lazy\" decoding=\"async\" class=\"alignnone size-full wp-image-161074\" src=\"https:\/\/petardoscm.com\/wp-content\/uploads\/2023\/05\/Logo-sonoridad-media-e1714512897204.png\" alt=\"\" width=\"52\" height=\"52\" \/><\/p>\n","protected":false},"featured_media":9519,"comment_status":"closed","ping_status":"open","template":"","meta":{"_acf_changed":false},"product_brand":[],"product_cat":[72],"product_tag":[73,74,80,75],"class_list":{"0":"post-9518","1":"product","2":"type-product","3":"status-publish","4":"has-post-thumbnail","6":"product_cat-lotes","7":"product_tag-3x2","8":"product_tag-6x3","9":"product_tag-black-days","10":"product_tag-novedad","11":"pa_categoria-categoria-f2-16-anos","12":"pa_edad-77","14":"first","15":"outofstock","16":"sale","17":"purchasable","18":"product-type-simple"},"acf":[],"yoast_head":"<!-- This site is optimized with the Yoast SEO plugin v24.4 - https:\/\/yoast.com\/wordpress\/plugins\/seo\/ -->\n<title>BOX VARI\u00c8T\u00c8 - Petardos cm<\/title>\n<meta name=\"robots\" content=\"index, follow, max-snippet:-1, max-image-preview:large, max-video-preview:-1\" \/>\n<link rel=\"canonical\" href=\"https:\/\/petardoscm.gmedia.ovh\/index.php\/producto\/box-variete\/\" \/>\n<meta property=\"og:locale\" content=\"es_ES\" \/>\n<meta property=\"og:type\" content=\"article\" \/>\n<meta property=\"og:title\" content=\"BOX VARI\u00c8T\u00c8 - Petardos cm\" \/>\n<meta property=\"og:description\" content=\"Lote variado de bombetas petardos, tracas, fuentes, cohetes y voladores de peque\u00f1o formato, y\u00a0art\u00edculos de tierra VARIOS CONTENIDOS. SONORIDAD MEDIA\" \/>\n<meta property=\"og:url\" content=\"https:\/\/petardoscm.gmedia.ovh\/index.php\/producto\/box-variete\/\" \/>\n<meta property=\"og:site_name\" content=\"Petardos cm\" \/>\n<meta property=\"article:modified_time\" content=\"2024-11-29T09:27:25+00:00\" \/>\n<meta property=\"og:image\" content=\"https:\/\/petardoscm.gmedia.ovh\/wp-content\/uploads\/2024\/11\/001-box-variete-2024.jpg\" \/>\n\t<meta property=\"og:image:width\" content=\"1600\" \/>\n\t<meta property=\"og:image:height\" content=\"1600\" \/>\n\t<meta property=\"og:image:type\" content=\"image\/jpeg\" \/>\n<meta name=\"twitter:card\" content=\"summary_large_image\" \/>\n<script type=\"application\/ld+json\" class=\"yoast-schema-graph\">{\"@context\":\"https:\/\/schema.org\",\"@graph\":[{\"@type\":\"WebPage\",\"@id\":\"https:\/\/petardoscm.gmedia.ovh\/index.php\/producto\/box-variete\/\",\"url\":\"https:\/\/petardoscm.gmedia.ovh\/index.php\/producto\/box-variete\/\",\"name\":\"BOX VARI\u00c8T\u00c8 - Petardos cm\",\"isPartOf\":{\"@id\":\"https:\/\/petardoscm.gmedia.ovh\/#website\"},\"primaryImageOfPage\":{\"@id\":\"https:\/\/petardoscm.gmedia.ovh\/index.php\/producto\/box-variete\/#primaryimage\"},\"image\":{\"@id\":\"https:\/\/petardoscm.gmedia.ovh\/index.php\/producto\/box-variete\/#primaryimage\"},\"thumbnailUrl\":\"https:\/\/petardoscm.gmedia.ovh\/wp-content\/uploads\/2024\/11\/001-box-variete-2024.jpg\",\"datePublished\":\"2024-11-29T09:27:12+00:00\",\"dateModified\":\"2024-11-29T09:27:25+00:00\",\"breadcrumb\":{\"@id\":\"https:\/\/petardoscm.gmedia.ovh\/index.php\/producto\/box-variete\/#breadcrumb\"},\"inLanguage\":\"es\",\"potentialAction\":[{\"@type\":\"ReadAction\",\"target\":[\"https:\/\/petardoscm.gmedia.ovh\/index.php\/producto\/box-variete\/\"]}]},{\"@type\":\"ImageObject\",\"inLanguage\":\"es\",\"@id\":\"https:\/\/petardoscm.gmedia.ovh\/index.php\/producto\/box-variete\/#primaryimage\",\"url\":\"https:\/\/petardoscm.gmedia.ovh\/wp-content\/uploads\/2024\/11\/001-box-variete-2024.jpg\",\"contentUrl\":\"https:\/\/petardoscm.gmedia.ovh\/wp-content\/uploads\/2024\/11\/001-box-variete-2024.jpg\",\"width\":1600,\"height\":1600},{\"@type\":\"BreadcrumbList\",\"@id\":\"https:\/\/petardoscm.gmedia.ovh\/index.php\/producto\/box-variete\/#breadcrumb\",\"itemListElement\":[{\"@type\":\"ListItem\",\"position\":1,\"name\":\"Portada\",\"item\":\"https:\/\/petardoscm.gmedia.ovh\/\"},{\"@type\":\"ListItem\",\"position\":2,\"name\":\"Shop\",\"item\":\"https:\/\/petardoscm.gmedia.ovh\/index.php\/shop\/\"},{\"@type\":\"ListItem\",\"position\":3,\"name\":\"BOX VARI\u00c8T\u00c8\"}]},{\"@type\":\"WebSite\",\"@id\":\"https:\/\/petardoscm.gmedia.ovh\/#website\",\"url\":\"https:\/\/petardoscm.gmedia.ovh\/\",\"name\":\"Petardos cm\",\"description\":\"\",\"potentialAction\":[{\"@type\":\"SearchAction\",\"target\":{\"@type\":\"EntryPoint\",\"urlTemplate\":\"https:\/\/petardoscm.gmedia.ovh\/?s={search_term_string}\"},\"query-input\":{\"@type\":\"PropertyValueSpecification\",\"valueRequired\":true,\"valueName\":\"search_term_string\"}}],\"inLanguage\":\"es\"}]}<\/script>\n<!-- \/ Yoast SEO plugin. -->","yoast_head_json":{"title":"BOX VARI\u00c8T\u00c8 - Petardos cm","robots":{"index":"index","follow":"follow","max-snippet":"max-snippet:-1","max-image-preview":"max-image-preview:large","max-video-preview":"max-video-preview:-1"},"canonical":"https:\/\/petardoscm.gmedia.ovh\/index.php\/producto\/box-variete\/","og_locale":"es_ES","og_type":"article","og_title":"BOX VARI\u00c8T\u00c8 - Petardos cm","og_description":"Lote variado de bombetas petardos, tracas, fuentes, cohetes y voladores de peque\u00f1o formato, y\u00a0art\u00edculos de tierra VARIOS CONTENIDOS. SONORIDAD MEDIA","og_url":"https:\/\/petardoscm.gmedia.ovh\/index.php\/producto\/box-variete\/","og_site_name":"Petardos cm","article_modified_time":"2024-11-29T09:27:25+00:00","og_image":[{"width":1600,"height":1600,"url":"https:\/\/petardoscm.gmedia.ovh\/wp-content\/uploads\/2024\/11\/001-box-variete-2024.jpg","type":"image\/jpeg"}],"twitter_card":"summary_large_image","schema":{"@context":"https:\/\/schema.org","@graph":[{"@type":"WebPage","@id":"https:\/\/petardoscm.gmedia.ovh\/index.php\/producto\/box-variete\/","url":"https:\/\/petardoscm.gmedia.ovh\/index.php\/producto\/box-variete\/","name":"BOX VARI\u00c8T\u00c8 - Petardos cm","isPartOf":{"@id":"https:\/\/petardoscm.gmedia.ovh\/#website"},"primaryImageOfPage":{"@id":"https:\/\/petardoscm.gmedia.ovh\/index.php\/producto\/box-variete\/#primaryimage"},"image":{"@id":"https:\/\/petardoscm.gmedia.ovh\/index.php\/producto\/box-variete\/#primaryimage"},"thumbnailUrl":"https:\/\/petardoscm.gmedia.ovh\/wp-content\/uploads\/2024\/11\/001-box-variete-2024.jpg","datePublished":"2024-11-29T09:27:12+00:00","dateModified":"2024-11-29T09:27:25+00:00","breadcrumb":{"@id":"https:\/\/petardoscm.gmedia.ovh\/index.php\/producto\/box-variete\/#breadcrumb"},"inLanguage":"es","potentialAction":[{"@type":"ReadAction","target":["https:\/\/petardoscm.gmedia.ovh\/index.php\/producto\/box-variete\/"]}]},{"@type":"ImageObject","inLanguage":"es","@id":"https:\/\/petardoscm.gmedia.ovh\/index.php\/producto\/box-variete\/#primaryimage","url":"https:\/\/petardoscm.gmedia.ovh\/wp-content\/uploads\/2024\/11\/001-box-variete-2024.jpg","contentUrl":"https:\/\/petardoscm.gmedia.ovh\/wp-content\/uploads\/2024\/11\/001-box-variete-2024.jpg","width":1600,"height":1600},{"@type":"BreadcrumbList","@id":"https:\/\/petardoscm.gmedia.ovh\/index.php\/producto\/box-variete\/#breadcrumb","itemListElement":[{"@type":"ListItem","position":1,"name":"Portada","item":"https:\/\/petardoscm.gmedia.ovh\/"},{"@type":"ListItem","position":2,"name":"Shop","item":"https:\/\/petardoscm.gmedia.ovh\/index.php\/shop\/"},{"@type":"ListItem","position":3,"name":"BOX VARI\u00c8T\u00c8"}]},{"@type":"WebSite","@id":"https:\/\/petardoscm.gmedia.ovh\/#website","url":"https:\/\/petardoscm.gmedia.ovh\/","name":"Petardos cm","description":"","potentialAction":[{"@type":"SearchAction","target":{"@type":"EntryPoint","urlTemplate":"https:\/\/petardoscm.gmedia.ovh\/?s={search_term_string}"},"query-input":{"@type":"PropertyValueSpecification","valueRequired":true,"valueName":"search_term_string"}}],"inLanguage":"es"}]}},"_links":{"self":[{"href":"https:\/\/petardoscm.gmedia.ovh\/index.php\/wp-json\/wp\/v2\/product\/9518","targetHints":{"allow":["GET"]}}],"collection":[{"href":"https:\/\/petardoscm.gmedia.ovh\/index.php\/wp-json\/wp\/v2\/product"}],"about":[{"href":"https:\/\/petardoscm.gmedia.ovh\/index.php\/wp-json\/wp\/v2\/types\/product"}],"replies":[{"embeddable":true,"href":"https:\/\/petardoscm.gmedia.ovh\/index.php\/wp-json\/wp\/v2\/comments?post=9518"}],"wp:featuredmedia":[{"embeddable":true,"href":"https:\/\/petardoscm.gmedia.ovh\/index.php\/wp-json\/wp\/v2\/media\/9519"}],"wp:attachment":[{"href":"https:\/\/petardoscm.gmedia.ovh\/index.php\/wp-json\/wp\/v2\/media?parent=9518"}],"wp:term":[{"taxonomy":"product_brand","embeddable":true,"href":"https:\/\/petardoscm.gmedia.ovh\/index.php\/wp-json\/wp\/v2\/product_brand?post=9518"},{"taxonomy":"product_cat","embeddable":true,"href":"https:\/\/petardoscm.gmedia.ovh\/index.php\/wp-json\/wp\/v2\/product_cat?post=9518"},{"taxonomy":"product_tag","embeddable":true,"href":"https:\/\/petardoscm.gmedia.ovh\/index.php\/wp-json\/wp\/v2\/product_tag?post=9518"}],"curies":[{"name":"wp","href":"https:\/\/api.w.org\/{rel}","templated":true}]}}