{"id":9513,"date":"2024-11-29T09:27:12","date_gmt":"2024-11-29T09:27:12","guid":{"rendered":"https:\/\/petardoscm.gmedia.ovh\/index.php\/producto\/box-solidario\/"},"modified":"2024-11-29T09:27:19","modified_gmt":"2024-11-29T09:27:19","slug":"box-solidario","status":"publish","type":"product","link":"https:\/\/petardoscm.gmedia.ovh\/index.php\/producto\/box-solidario\/","title":{"rendered":"BOX SOLIDARIO"},"content":{"rendered":"","protected":false},"excerpt":{"rendered":"<p><span style=\"color: #ff0000;\">S\u00d3LO DISPONIBLE EN TIENDAS LOS LUNES 5, 12 Y 19 DE JUNIO<\/span> NING\u00daN NI\u00d1O SIN VERBENA! Lote variado a un precio de esc\u00e1ndalo. Bombetas, petardos, mini tracas, cohetes y art\u00edculos de color. VARIOS CONTENIDOS<\/p>\n","protected":false},"featured_media":9514,"comment_status":"closed","ping_status":"open","template":"","meta":{"_acf_changed":false},"product_brand":[],"product_cat":[78,72],"product_tag":[75],"class_list":{"0":"post-9513","1":"product","2":"type-product","3":"status-publish","4":"has-post-thumbnail","6":"product_cat-articulos-infantiles","7":"product_cat-lotes","8":"product_tag-novedad","9":"pa_categoria-categoria-f2-16-anos","10":"pa_edad-77","12":"first","13":"outofstock","14":"sale","15":"purchasable","16":"product-type-simple"},"acf":[],"yoast_head":"<!-- This site is optimized with the Yoast SEO plugin v24.4 - https:\/\/yoast.com\/wordpress\/plugins\/seo\/ -->\n<title>BOX SOLIDARIO - Petardos cm<\/title>\n<meta name=\"robots\" content=\"index, follow, max-snippet:-1, max-image-preview:large, max-video-preview:-1\" \/>\n<link rel=\"canonical\" href=\"https:\/\/petardoscm.gmedia.ovh\/index.php\/producto\/box-solidario\/\" \/>\n<meta property=\"og:locale\" content=\"es_ES\" \/>\n<meta property=\"og:type\" content=\"article\" \/>\n<meta property=\"og:title\" content=\"BOX SOLIDARIO - Petardos cm\" \/>\n<meta property=\"og:description\" content=\"S\u00d3LO DISPONIBLE EN TIENDAS LOS LUNES 5, 12 Y 19 DE JUNIO NING\u00daN NI\u00d1O SIN VERBENA! Lote variado a un precio de esc\u00e1ndalo. Bombetas, petardos, mini tracas, cohetes y art\u00edculos de color. VARIOS CONTENIDOS\" \/>\n<meta property=\"og:url\" content=\"https:\/\/petardoscm.gmedia.ovh\/index.php\/producto\/box-solidario\/\" \/>\n<meta property=\"og:site_name\" content=\"Petardos cm\" \/>\n<meta property=\"article:modified_time\" content=\"2024-11-29T09:27:19+00:00\" \/>\n<meta property=\"og:image\" content=\"https:\/\/petardoscm.gmedia.ovh\/wp-content\/uploads\/2024\/11\/019_Box_Solidari.jpg\" \/>\n\t<meta property=\"og:image:width\" content=\"800\" \/>\n\t<meta property=\"og:image:height\" content=\"776\" \/>\n\t<meta property=\"og:image:type\" content=\"image\/jpeg\" \/>\n<meta name=\"twitter:card\" content=\"summary_large_image\" \/>\n<script type=\"application\/ld+json\" class=\"yoast-schema-graph\">{\"@context\":\"https:\/\/schema.org\",\"@graph\":[{\"@type\":\"WebPage\",\"@id\":\"https:\/\/petardoscm.gmedia.ovh\/index.php\/producto\/box-solidario\/\",\"url\":\"https:\/\/petardoscm.gmedia.ovh\/index.php\/producto\/box-solidario\/\",\"name\":\"BOX SOLIDARIO - Petardos cm\",\"isPartOf\":{\"@id\":\"https:\/\/petardoscm.gmedia.ovh\/#website\"},\"primaryImageOfPage\":{\"@id\":\"https:\/\/petardoscm.gmedia.ovh\/index.php\/producto\/box-solidario\/#primaryimage\"},\"image\":{\"@id\":\"https:\/\/petardoscm.gmedia.ovh\/index.php\/producto\/box-solidario\/#primaryimage\"},\"thumbnailUrl\":\"https:\/\/petardoscm.gmedia.ovh\/wp-content\/uploads\/2024\/11\/019_Box_Solidari.jpg\",\"datePublished\":\"2024-11-29T09:27:12+00:00\",\"dateModified\":\"2024-11-29T09:27:19+00:00\",\"breadcrumb\":{\"@id\":\"https:\/\/petardoscm.gmedia.ovh\/index.php\/producto\/box-solidario\/#breadcrumb\"},\"inLanguage\":\"es\",\"potentialAction\":[{\"@type\":\"ReadAction\",\"target\":[\"https:\/\/petardoscm.gmedia.ovh\/index.php\/producto\/box-solidario\/\"]}]},{\"@type\":\"ImageObject\",\"inLanguage\":\"es\",\"@id\":\"https:\/\/petardoscm.gmedia.ovh\/index.php\/producto\/box-solidario\/#primaryimage\",\"url\":\"https:\/\/petardoscm.gmedia.ovh\/wp-content\/uploads\/2024\/11\/019_Box_Solidari.jpg\",\"contentUrl\":\"https:\/\/petardoscm.gmedia.ovh\/wp-content\/uploads\/2024\/11\/019_Box_Solidari.jpg\",\"width\":800,\"height\":776},{\"@type\":\"BreadcrumbList\",\"@id\":\"https:\/\/petardoscm.gmedia.ovh\/index.php\/producto\/box-solidario\/#breadcrumb\",\"itemListElement\":[{\"@type\":\"ListItem\",\"position\":1,\"name\":\"Portada\",\"item\":\"https:\/\/petardoscm.gmedia.ovh\/\"},{\"@type\":\"ListItem\",\"position\":2,\"name\":\"Shop\",\"item\":\"https:\/\/petardoscm.gmedia.ovh\/index.php\/shop\/\"},{\"@type\":\"ListItem\",\"position\":3,\"name\":\"BOX SOLIDARIO\"}]},{\"@type\":\"WebSite\",\"@id\":\"https:\/\/petardoscm.gmedia.ovh\/#website\",\"url\":\"https:\/\/petardoscm.gmedia.ovh\/\",\"name\":\"Petardos cm\",\"description\":\"\",\"potentialAction\":[{\"@type\":\"SearchAction\",\"target\":{\"@type\":\"EntryPoint\",\"urlTemplate\":\"https:\/\/petardoscm.gmedia.ovh\/?s={search_term_string}\"},\"query-input\":{\"@type\":\"PropertyValueSpecification\",\"valueRequired\":true,\"valueName\":\"search_term_string\"}}],\"inLanguage\":\"es\"}]}<\/script>\n<!-- \/ Yoast SEO plugin. -->","yoast_head_json":{"title":"BOX SOLIDARIO - Petardos cm","robots":{"index":"index","follow":"follow","max-snippet":"max-snippet:-1","max-image-preview":"max-image-preview:large","max-video-preview":"max-video-preview:-1"},"canonical":"https:\/\/petardoscm.gmedia.ovh\/index.php\/producto\/box-solidario\/","og_locale":"es_ES","og_type":"article","og_title":"BOX SOLIDARIO - Petardos cm","og_description":"S\u00d3LO DISPONIBLE EN TIENDAS LOS LUNES 5, 12 Y 19 DE JUNIO NING\u00daN NI\u00d1O SIN VERBENA! Lote variado a un precio de esc\u00e1ndalo. Bombetas, petardos, mini tracas, cohetes y art\u00edculos de color. VARIOS CONTENIDOS","og_url":"https:\/\/petardoscm.gmedia.ovh\/index.php\/producto\/box-solidario\/","og_site_name":"Petardos cm","article_modified_time":"2024-11-29T09:27:19+00:00","og_image":[{"width":800,"height":776,"url":"https:\/\/petardoscm.gmedia.ovh\/wp-content\/uploads\/2024\/11\/019_Box_Solidari.jpg","type":"image\/jpeg"}],"twitter_card":"summary_large_image","schema":{"@context":"https:\/\/schema.org","@graph":[{"@type":"WebPage","@id":"https:\/\/petardoscm.gmedia.ovh\/index.php\/producto\/box-solidario\/","url":"https:\/\/petardoscm.gmedia.ovh\/index.php\/producto\/box-solidario\/","name":"BOX SOLIDARIO - Petardos cm","isPartOf":{"@id":"https:\/\/petardoscm.gmedia.ovh\/#website"},"primaryImageOfPage":{"@id":"https:\/\/petardoscm.gmedia.ovh\/index.php\/producto\/box-solidario\/#primaryimage"},"image":{"@id":"https:\/\/petardoscm.gmedia.ovh\/index.php\/producto\/box-solidario\/#primaryimage"},"thumbnailUrl":"https:\/\/petardoscm.gmedia.ovh\/wp-content\/uploads\/2024\/11\/019_Box_Solidari.jpg","datePublished":"2024-11-29T09:27:12+00:00","dateModified":"2024-11-29T09:27:19+00:00","breadcrumb":{"@id":"https:\/\/petardoscm.gmedia.ovh\/index.php\/producto\/box-solidario\/#breadcrumb"},"inLanguage":"es","potentialAction":[{"@type":"ReadAction","target":["https:\/\/petardoscm.gmedia.ovh\/index.php\/producto\/box-solidario\/"]}]},{"@type":"ImageObject","inLanguage":"es","@id":"https:\/\/petardoscm.gmedia.ovh\/index.php\/producto\/box-solidario\/#primaryimage","url":"https:\/\/petardoscm.gmedia.ovh\/wp-content\/uploads\/2024\/11\/019_Box_Solidari.jpg","contentUrl":"https:\/\/petardoscm.gmedia.ovh\/wp-content\/uploads\/2024\/11\/019_Box_Solidari.jpg","width":800,"height":776},{"@type":"BreadcrumbList","@id":"https:\/\/petardoscm.gmedia.ovh\/index.php\/producto\/box-solidario\/#breadcrumb","itemListElement":[{"@type":"ListItem","position":1,"name":"Portada","item":"https:\/\/petardoscm.gmedia.ovh\/"},{"@type":"ListItem","position":2,"name":"Shop","item":"https:\/\/petardoscm.gmedia.ovh\/index.php\/shop\/"},{"@type":"ListItem","position":3,"name":"BOX SOLIDARIO"}]},{"@type":"WebSite","@id":"https:\/\/petardoscm.gmedia.ovh\/#website","url":"https:\/\/petardoscm.gmedia.ovh\/","name":"Petardos cm","description":"","potentialAction":[{"@type":"SearchAction","target":{"@type":"EntryPoint","urlTemplate":"https:\/\/petardoscm.gmedia.ovh\/?s={search_term_string}"},"query-input":{"@type":"PropertyValueSpecification","valueRequired":true,"valueName":"search_term_string"}}],"inLanguage":"es"}]}},"_links":{"self":[{"href":"https:\/\/petardoscm.gmedia.ovh\/index.php\/wp-json\/wp\/v2\/product\/9513","targetHints":{"allow":["GET"]}}],"collection":[{"href":"https:\/\/petardoscm.gmedia.ovh\/index.php\/wp-json\/wp\/v2\/product"}],"about":[{"href":"https:\/\/petardoscm.gmedia.ovh\/index.php\/wp-json\/wp\/v2\/types\/product"}],"replies":[{"embeddable":true,"href":"https:\/\/petardoscm.gmedia.ovh\/index.php\/wp-json\/wp\/v2\/comments?post=9513"}],"wp:featuredmedia":[{"embeddable":true,"href":"https:\/\/petardoscm.gmedia.ovh\/index.php\/wp-json\/wp\/v2\/media\/9514"}],"wp:attachment":[{"href":"https:\/\/petardoscm.gmedia.ovh\/index.php\/wp-json\/wp\/v2\/media?parent=9513"}],"wp:term":[{"taxonomy":"product_brand","embeddable":true,"href":"https:\/\/petardoscm.gmedia.ovh\/index.php\/wp-json\/wp\/v2\/product_brand?post=9513"},{"taxonomy":"product_cat","embeddable":true,"href":"https:\/\/petardoscm.gmedia.ovh\/index.php\/wp-json\/wp\/v2\/product_cat?post=9513"},{"taxonomy":"product_tag","embeddable":true,"href":"https:\/\/petardoscm.gmedia.ovh\/index.php\/wp-json\/wp\/v2\/product_tag?post=9513"}],"curies":[{"name":"wp","href":"https:\/\/api.w.org\/{rel}","templated":true}]}}